{"id":19602,"date":"2020-05-06T07:29:39","date_gmt":"2020-05-06T11:29:39","guid":{"rendered":"https:\/\/ktfnews.com\/?page_id=19602"},"modified":"2026-04-05T17:56:33","modified_gmt":"2026-04-05T21:56:33","slug":"live","status":"publish","type":"page","link":"https:\/\/ktfnews.com\/pt\/live\/","title":{"rendered":"KTF Live"},"content":{"rendered":"<p class=\"qtranxs-available-languages-message qtranxs-available-languages-message-pt\">Desculpe, este conte\u00fado s\u00f3 est\u00e1 dispon\u00edvel em <a href=\"https:\/\/ktfnews.com\/en\/wp-json\/wp\/v2\/pages\/19602\" class=\"qtranxs-available-language-link qtranxs-available-language-link-en\" title=\"English\">Ingl\u00eas (Eua)<\/a>.<\/p>","protected":false},"excerpt":{"rendered":"<p>Desculpe, este conte\u00fado s\u00f3 est\u00e1 dispon\u00edvel em Ingl\u00eas (Eua).<!-- AddThis Advanced Settings generic via filter on wp_trim_excerpt --><\/p>\n","protected":false},"author":6,"featured_media":0,"parent":0,"menu_order":0,"comment_status":"closed","ping_status":"closed","template":"","meta":{"episode_type":"","audio_file":"","duration":"","filesize":"","date_recorded":"","explicit":"","block":"","filesize_raw":"","_FSMCFIC_featured_image_caption":"","_FSMCFIC_featured_image_nocaption":null,"_FSMCFIC_featured_image_hide":null,"_links_to":"","_links_to_target":""},"featured_image_urls":{},"appp_media":null,"yoast_head":"<!-- This site is optimized with the Yoast SEO plugin v17.3 - https:\/\/yoast.com\/wordpress\/plugins\/seo\/ -->\n<meta name=\"robots\" content=\"index, follow, max-snippet:-1, max-image-preview:large, max-video-preview:-1\" \/>\n<link rel=\"canonical\" href=\"https:\/\/ktfnews.com\/live\/\" \/>\n<meta property=\"og:locale\" content=\"pt_PT\" \/>\n<meta property=\"og:type\" content=\"article\" \/>\n<meta property=\"og:title\" content=\"[:en]KTF Live[:] - KEEP the FAITH\" \/>\n<meta property=\"og:description\" content=\"Desculpe, este conte\u00fado s\u00f3 est\u00e1 dispon\u00edvel em Ingl\u00eas (Eua).\" \/>\n<meta property=\"og:url\" content=\"https:\/\/ktfnews.com\/live\/\" \/>\n<meta property=\"og:site_name\" content=\"KEEP the FAITH\" \/>\n<meta property=\"article:publisher\" content=\"https:\/\/www.facebook.com\/ktfministry\" \/>\n<meta property=\"article:modified_time\" content=\"2026-04-05T21:56:33+00:00\" \/>\n<meta property=\"og:image\" content=\"http:\/\/ktfnews.com\/wp-content\/uploads\/2017\/02\/ktf-default2.jpg\" \/>\n<meta name=\"twitter:card\" content=\"summary_large_image\" \/>\n<meta name=\"twitter:site\" content=\"@ktfministry\" \/>\n<meta name=\"twitter:label1\" content=\"Tempo estimado de leitura\" \/>\n\t<meta name=\"twitter:data1\" content=\"1 minuto\" \/>\n<script type=\"application\/ld+json\" class=\"yoast-schema-graph\">{\"@context\":\"https:\/\/schema.org\",\"@graph\":[{\"@type\":\"WebSite\",\"@id\":\"https:\/\/ktfnews.com\/#website\",\"url\":\"https:\/\/ktfnews.com\/\",\"name\":\"KEEP the FAITH\",\"description\":\"Preparing you for the final conflict between good and evil.\",\"potentialAction\":[{\"@type\":\"SearchAction\",\"target\":{\"@type\":\"EntryPoint\",\"urlTemplate\":\"https:\/\/ktfnews.com\/?s={search_term_string}\"},\"query-input\":\"required name=search_term_string\"}],\"inLanguage\":\"pt-PT\"},{\"@type\":\"WebPage\",\"@id\":\"https:\/\/ktfnews.com\/live\/#webpage\",\"url\":\"https:\/\/ktfnews.com\/live\/\",\"name\":\"[:en]KTF Live[:] - KEEP the FAITH\",\"isPartOf\":{\"@id\":\"https:\/\/ktfnews.com\/#website\"},\"datePublished\":\"2020-05-06T11:29:39+00:00\",\"dateModified\":\"2026-04-05T21:56:33+00:00\",\"breadcrumb\":{\"@id\":\"https:\/\/ktfnews.com\/live\/#breadcrumb\"},\"inLanguage\":\"pt-PT\",\"potentialAction\":[{\"@type\":\"ReadAction\",\"target\":[\"https:\/\/ktfnews.com\/live\/\"]}]},{\"@type\":\"BreadcrumbList\",\"@id\":\"https:\/\/ktfnews.com\/live\/#breadcrumb\",\"itemListElement\":[{\"@type\":\"ListItem\",\"position\":1,\"name\":\"Home\",\"item\":\"https:\/\/ktfnews.com\/\"},{\"@type\":\"ListItem\",\"position\":2,\"name\":\"KTF Live\"}]}]}<\/script>\n<!-- \/ Yoast SEO plugin. -->","yoast_head_json":{"robots":{"index":"index","follow":"follow","max-snippet":"max-snippet:-1","max-image-preview":"max-image-preview:large","max-video-preview":"max-video-preview:-1"},"canonical":"https:\/\/ktfnews.com\/live\/","og_locale":"pt_PT","og_type":"article","og_title":"[:en]KTF Live[:] - KEEP the FAITH","og_description":"Desculpe, este conte\u00fado s\u00f3 est\u00e1 dispon\u00edvel em Ingl\u00eas (Eua).","og_url":"https:\/\/ktfnews.com\/live\/","og_site_name":"KEEP the FAITH","article_publisher":"https:\/\/www.facebook.com\/ktfministry","article_modified_time":"2026-04-05T21:56:33+00:00","og_image":[{"url":"http:\/\/ktfnews.com\/wp-content\/uploads\/2017\/02\/ktf-default2.jpg"}],"twitter_card":"summary_large_image","twitter_site":"@ktfministry","twitter_misc":{"Tempo estimado de leitura":"1 minuto"},"schema":{"@context":"https:\/\/schema.org","@graph":[{"@type":"WebSite","@id":"https:\/\/ktfnews.com\/#website","url":"https:\/\/ktfnews.com\/","name":"KEEP the FAITH","description":"Preparing you for the final conflict between good and evil.","potentialAction":[{"@type":"SearchAction","target":{"@type":"EntryPoint","urlTemplate":"https:\/\/ktfnews.com\/?s={search_term_string}"},"query-input":"required name=search_term_string"}],"inLanguage":"pt-PT"},{"@type":"WebPage","@id":"https:\/\/ktfnews.com\/live\/#webpage","url":"https:\/\/ktfnews.com\/live\/","name":"[:en]KTF Live[:] - KEEP the FAITH","isPartOf":{"@id":"https:\/\/ktfnews.com\/#website"},"datePublished":"2020-05-06T11:29:39+00:00","dateModified":"2026-04-05T21:56:33+00:00","breadcrumb":{"@id":"https:\/\/ktfnews.com\/live\/#breadcrumb"},"inLanguage":"pt-PT","potentialAction":[{"@type":"ReadAction","target":["https:\/\/ktfnews.com\/live\/"]}]},{"@type":"BreadcrumbList","@id":"https:\/\/ktfnews.com\/live\/#breadcrumb","itemListElement":[{"@type":"ListItem","position":1,"name":"Home","item":"https:\/\/ktfnews.com\/"},{"@type":"ListItem","position":2,"name":"KTF Live"}]}]}},"_links":{"self":[{"href":"https:\/\/ktfnews.com\/pt\/wp-json\/wp\/v2\/pages\/19602"}],"collection":[{"href":"https:\/\/ktfnews.com\/pt\/wp-json\/wp\/v2\/pages"}],"about":[{"href":"https:\/\/ktfnews.com\/pt\/wp-json\/wp\/v2\/types\/page"}],"author":[{"embeddable":true,"href":"https:\/\/ktfnews.com\/pt\/wp-json\/wp\/v2\/users\/6"}],"replies":[{"embeddable":true,"href":"https:\/\/ktfnews.com\/pt\/wp-json\/wp\/v2\/comments?post=19602"}],"version-history":[{"count":4,"href":"https:\/\/ktfnews.com\/pt\/wp-json\/wp\/v2\/pages\/19602\/revisions"}],"predecessor-version":[{"id":33575,"href":"https:\/\/ktfnews.com\/pt\/wp-json\/wp\/v2\/pages\/19602\/revisions\/33575"}],"wp:attachment":[{"href":"https:\/\/ktfnews.com\/pt\/wp-json\/wp\/v2\/media?parent=19602"}],"curies":[{"name":"wp","href":"https:\/\/api.w.org\/{rel}","templated":true}]}}